{"id":181,"date":"2024-10-29T16:40:02","date_gmt":"2024-10-29T15:40:02","guid":{"rendered":"https:\/\/frb-tax.de\/?page_id=181"},"modified":"2024-11-06T14:55:57","modified_gmt":"2024-11-06T13:55:57","slug":"datenschutz","status":"publish","type":"page","link":"https:\/\/frb-tax.de\/en\/datenschutz\/","title":{"rendered":"Datenschutz"},"content":{"rendered":"<div data-elementor-type=\"wp-page\" data-elementor-id=\"181\" class=\"elementor elementor-181\" data-elementor-post-type=\"page\">\n\t\t\t\t<div class=\"elementor-element elementor-element-a76e49f e-flex e-con-boxed e-con e-parent\" data-id=\"a76e49f\" data-element_type=\"container\">\n\t\t\t\t\t<div class=\"e-con-inner\">\n\t\t\t\t<div class=\"elementor-element elementor-element-f2e22c8 elementor-widget elementor-widget-text-editor\" data-id=\"f2e22c8\" data-element_type=\"widget\" data-widget_type=\"text-editor.default\">\n\t\t\t\t<div class=\"elementor-widget-container\">\n\t\t\t\t\t\t\t<h2><strong>Privacy policy<\/strong><\/h2><h2>1. Verantwortlicher<\/h2><p>Dr. Frank Bayer<br \/>Steuerberater (Deutschland) | Wirtschaftspr\u00fcfer (Deutschland)<br \/><br \/>Rabenkopfstra\u00dfe 36<br \/>D-81545 Munich<br \/>Telefon: +49 (0)89 37949425<br \/>E-Mail: <a href=\"mailto:info@frb-tax.de\">info@frb-tax.de<\/a><\/p><h2>2. Allgemeine Hinweise zur Datenverarbeitung<\/h2><p>Der Schutz Ihrer pers\u00f6nlichen Daten ist uns ein besonderes Anliegen. Wir verarbeiten Ihre Daten daher ausschlie\u00dflich auf Grundlage der gesetzlichen Bestimmungen (insbesondere DSGVO und BDSG). Diese Datenschutzerkl\u00e4rung informiert Sie \u00fcber die Art, den Umfang und Zweck der Erhebung und Verwendung personenbezogener Daten auf unserer Website.<\/p><h2>3. Zugriffsdaten und Hosting<\/h2><p>Unsere Website wird bei <a href=\"https:\/\/www.all-inkl.com\/\" target=\"_blank\" rel=\"noopener\">ALL-INKL.COM<\/a> gehostet. Beim Besuch unserer Website erhebt und speichert der Hosting-Provider automatisch sogenannte Server-Logfiles. Diese Logfiles enthalten folgende Informationen:<\/p><ul><li>IP-Adresse des zugreifenden Ger\u00e4ts<\/li><li>Datum und Uhrzeit des Zugriffs<\/li><li>Browsertyp und -version<\/li><li>Betriebssystem<\/li><li>Referrer-URL (die zuvor besuchte Seite)<\/li><\/ul><p>Diese Daten werden zur Sicherstellung eines st\u00f6rungsfreien Betriebs und zur Verbesserung unseres Angebots verwendet. Eine Zusammenf\u00fchrung dieser Daten mit anderen Datenquellen findet nicht statt. Rechtsgrundlage f\u00fcr diese Datenverarbeitung ist Art. 6 Abs. 1 lit. f DSGVO.<\/p><h2>4. Verwendung von Cookies<\/h2><p>Unsere Website verwendet keine Cookies, die personenbezogene Daten speichern. Sie k\u00f6nnen das Speichern von Cookies generell durch eine entsprechende Einstellung Ihrer Browser-Software verhindern. Falls Sie dies tun, kann es jedoch zu Einschr\u00e4nkungen in der Nutzung unserer Website kommen.<\/p><h2>5. Kontaktaufnahme<\/h2><p>Wenn Sie per E-Mail mit uns in Kontakt treten, speichern wir Ihre Angaben (E-Mail-Adresse und ggf. Ihren Namen und Ihre Telefonnummer), um Ihre Anfrage zu beantworten und f\u00fcr den Fall von Anschlussfragen. Eine Weitergabe dieser Daten an Dritte erfolgt nicht ohne Ihre Einwilligung. Die Datenverarbeitung erfolgt auf Grundlage von Art. 6 Abs. 1 lit. b DSGVO.<\/p><h2>6. Google Analytics<\/h2><p>Unsere Website verwendet keinen Dienst zur Analyse von Nutzerdaten wie Google Analytics. Sollte ein solches Tool k\u00fcnftig verwendet werden, wird diese Datenschutzerkl\u00e4rung entsprechend aktualisiert, um Sie dar\u00fcber zu informieren und eine Option zur Einwilligung zu geben.<\/p><h2>7. Weitergabe von Daten an Dritte<\/h2><p>Eine \u00dcbermittlung Ihrer pers\u00f6nlichen Daten an Dritte findet grunds\u00e4tzlich nicht statt, es sei denn, wir sind gesetzlich dazu verpflichtet oder Sie haben uns Ihre ausdr\u00fcckliche Einwilligung dazu gegeben.<\/p><h2>8. Ihre Rechte als betroffene Person<\/h2><p>Sie haben das Recht:<\/p><ul><li>gem\u00e4\u00df Art. 15 DSGVO Auskunft \u00fcber Ihre von uns verarbeiteten personenbezogenen Daten zu verlangen,<\/li><li>gem\u00e4\u00df Art. 16 DSGVO unverz\u00fcglich die Berichtigung unrichtiger oder Vervollst\u00e4ndigung Ihrer bei uns gespeicherten personenbezogenen Daten zu verlangen,<\/li><li>gem\u00e4\u00df Art. 17 DSGVO die L\u00f6schung Ihrer bei uns gespeicherten personenbezogenen Daten zu verlangen,<\/li><li>gem\u00e4\u00df Art. 18 DSGVO die Einschr\u00e4nkung der Verarbeitung Ihrer personenbezogenen Daten zu verlangen,<\/li><li>gem\u00e4\u00df Art. 21 DSGVO Widerspruch gegen die Verarbeitung Ihrer personenbezogenen Daten einzulegen,<\/li><li>gem\u00e4\u00df Art. 20 DSGVO Ihre personenbezogenen Daten in einem strukturierten, g\u00e4ngigen und maschinenlesbaren Format zu erhalten.<\/li><\/ul><p>Zur Aus\u00fcbung dieser Rechte k\u00f6nnen Sie sich jederzeit an uns wenden.<\/p><h2>9. Datensicherheit<\/h2><p>Wir setzen technische und organisatorische Sicherheitsma\u00dfnahmen ein, um Ihre Daten gegen Manipulation, Verlust, Zerst\u00f6rung oder unberechtigten Zugriff zu sch\u00fctzen. Unsere Sicherheitsma\u00dfnahmen werden entsprechend der technologischen Entwicklung fortlaufend verbessert.<\/p><h2>10. \u00c4nderungen dieser Datenschutzerkl\u00e4rung<\/h2><p>Wir behalten uns vor, diese Datenschutzerkl\u00e4rung bei Bedarf anzupassen, damit sie stets den aktuellen rechtlichen Anforderungen entspricht. F\u00fcr Ihren erneuten Besuch gilt die jeweils aktuelle Datenschutzerkl\u00e4rung.<\/p>\t\t\t\t\t\t<\/div>\n\t\t\t\t<\/div>\n\t\t\t\t\t<\/div>\n\t\t\t\t<\/div>\n\t\t\t\t<\/div>","protected":false},"excerpt":{"rendered":"<p>Datenschutzerkl\u00e4rung 1. Verantwortlicher Dr. Frank BayerSteuerberater (Deutschland) | Wirtschaftspr\u00fcfer (Deutschland) Rabenkopfstra\u00dfe 36D-81545 M\u00fcnchenTelefon: +49 (0)89 37949425E-Mail: info@frb-tax.de 2. Allgemeine Hinweise zur Datenverarbeitung Der Schutz Ihrer pers\u00f6nlichen Daten ist uns ein besonderes Anliegen. Wir verarbeiten Ihre Daten daher ausschlie\u00dflich auf Grundlage der gesetzlichen Bestimmungen (insbesondere DSGVO und BDSG). Diese Datenschutzerkl\u00e4rung informiert Sie \u00fcber die Art, den [&hellip;]<\/p>","protected":false},"author":1,"featured_media":0,"parent":0,"menu_order":0,"comment_status":"closed","ping_status":"closed","template":"","meta":{"footnotes":""},"class_list":["post-181","page","type-page","status-publish","hentry"],"_links":{"self":[{"href":"https:\/\/frb-tax.de\/en\/wp-json\/wp\/v2\/pages\/181","targetHints":{"allow":["GET"]}}],"collection":[{"href":"https:\/\/frb-tax.de\/en\/wp-json\/wp\/v2\/pages"}],"about":[{"href":"https:\/\/frb-tax.de\/en\/wp-json\/wp\/v2\/types\/page"}],"author":[{"embeddable":true,"href":"https:\/\/frb-tax.de\/en\/wp-json\/wp\/v2\/users\/1"}],"replies":[{"embeddable":true,"href":"https:\/\/frb-tax.de\/en\/wp-json\/wp\/v2\/comments?post=181"}],"version-history":[{"count":10,"href":"https:\/\/frb-tax.de\/en\/wp-json\/wp\/v2\/pages\/181\/revisions"}],"predecessor-version":[{"id":514,"href":"https:\/\/frb-tax.de\/en\/wp-json\/wp\/v2\/pages\/181\/revisions\/514"}],"wp:attachment":[{"href":"https:\/\/frb-tax.de\/en\/wp-json\/wp\/v2\/media?parent=181"}],"curies":[{"name":"wp","href":"https:\/\/api.w.org\/{rel}","templated":true}]}}