{"id":175,"date":"2024-10-29T16:33:00","date_gmt":"2024-10-29T15:33:00","guid":{"rendered":"https:\/\/frb-tax.de\/?page_id=175"},"modified":"2024-11-05T11:10:43","modified_gmt":"2024-11-05T10:10:43","slug":"impressum","status":"publish","type":"page","link":"https:\/\/frb-tax.de\/en\/impressum\/","title":{"rendered":"Imprint"},"content":{"rendered":"<div data-elementor-type=\"wp-page\" data-elementor-id=\"175\" class=\"elementor elementor-175\" data-elementor-post-type=\"page\">\n\t\t\t\t<div class=\"elementor-element elementor-element-cb6bda6 e-flex e-con-boxed e-con e-parent\" data-id=\"cb6bda6\" data-element_type=\"container\">\n\t\t\t\t\t<div class=\"e-con-inner\">\n\t\t\t\t<div class=\"elementor-element elementor-element-4182751 elementor-widget elementor-widget-text-editor\" data-id=\"4182751\" data-element_type=\"widget\" data-widget_type=\"text-editor.default\">\n\t\t\t\t<div class=\"elementor-widget-container\">\n\t\t\t\t\t\t\t<h2><strong>IMPRESSUM<\/strong><\/h2>\n<h3><br><\/h3>\n<p>Dr. Frank Bayer<br><br>Steuerberater (Deutschland) | Wirtschaftspr\u00fcfer (Deutschland)<br><br>Umsatzsteuer ID: DE333633440<br><br><br>Rabenkopfstra\u00dfe 36,<br>D-81545 Munich<br><br><br>Telefon +49 (0)89 37949425<br>E-Mail: <a href=\"mailto:info@frb-tax.de\">info@frb-tax.de<\/a><br><br><\/p>\n<h4>Aufsichtsbeh\u00f6rden und berufsrechtliche Regelungen<\/h4>\n<p>&nbsp;<\/p>\n<h4>Steuerberaterkammer M\u00fcnchen<\/h4>\n<p>Nederlinger Stra\u00dfe 9<br>80638 M\u00fcnchen<\/p>\n<h6><span style=\"font-weight: normal;\">Berufsrechtliche Regelungen:<\/span><\/h6>\n<ul>\n<li>Steuerberatungsgesetz<\/li>\n<li>Verordnung zur Durchf\u00fchrung des Steuerberatungsgesetzes<\/li>\n<li>Satzung \u00fcber die Rechte und Pflichten bei der Aus\u00fcbung der Berufe der Steuerberater und der Steuerbevollm\u00e4chtigten &#8211; Berufsordnung<\/li>\n<\/ul>\n<p>Auf der Website der Bundessteuerberaterkammer (<a href=\"http:\/\/www.bstbk.de\">www.bstbk.de<\/a>) sind die berufsrechtlichen Regelungen einsehbar.<\/p>\n<h4>Wirtschaftspr\u00fcferkammer, K\u00f6rperschaft des \u00f6ffentlichen Rechts<\/h4>\n<p>Rauchstra\u00dfe 26<br>10787 Berlin<\/p>\n<h6><span style=\"font-weight: normal;\">Berufsrechtliche Regelungen:<\/span><\/h6>\n<ul>\n<li>Gesetz \u00fcber eine Berufsordnung der Wirtschaftspr\u00fcfer (Wirtschaftspr\u00fcferordnung)<\/li>\n<li>Satzung der Wirtschaftspr\u00fcferkammer \u00fcber die Rechte und Pflichten bei der Aus\u00fcbung der Berufe des Wirtschaftspr\u00fcfers und des vereidigten Buchpr\u00fcfers (Berufssatzung f\u00fcr Wirtschaftspr\u00fcfer\/vereidigte Buchpr\u00fcfer \u2013 BS WP\/vBP)<\/li>\n<li>Satzung f\u00fcr Qualit\u00e4tskontrolle (\u00a7 57c WPO)<\/li>\n<\/ul>\n<p>Auf der Website der Wirtschaftspr\u00fcferkammer (<a href=\"http:\/\/www.wpk.de\">www.wpk.de<\/a>) sind die berufsrechtlichen Regelungen einsehbar.<\/p>\t\t\t\t\t\t<\/div>\n\t\t\t\t<\/div>\n\t\t\t\t\t<\/div>\n\t\t\t\t<\/div>\n\t\t\t\t<\/div>","protected":false},"excerpt":{"rendered":"<p>IMPRESSUM Dr. Frank Bayer Steuerberater (Deutschland) | Wirtschaftspr\u00fcfer (Deutschland) Umsatzsteuer ID: DE333633440 Rabenkopfstra\u00dfe 36,D-81545 M\u00fcnchen Telefon +49 (0)89 37949425E-Mail: info@frb-tax.de Aufsichtsbeh\u00f6rden und berufsrechtliche Regelungen &nbsp; Steuerberaterkammer M\u00fcnchen Nederlinger Stra\u00dfe 980638 M\u00fcnchen Berufsrechtliche Regelungen: Steuerberatungsgesetz Verordnung zur Durchf\u00fchrung des Steuerberatungsgesetzes Satzung \u00fcber die Rechte und Pflichten bei der Aus\u00fcbung der Berufe der Steuerberater und der Steuerbevollm\u00e4chtigten [&hellip;]<\/p>","protected":false},"author":1,"featured_media":0,"parent":0,"menu_order":0,"comment_status":"closed","ping_status":"closed","template":"","meta":{"footnotes":""},"class_list":["post-175","page","type-page","status-publish","hentry"],"_links":{"self":[{"href":"https:\/\/frb-tax.de\/en\/wp-json\/wp\/v2\/pages\/175","targetHints":{"allow":["GET"]}}],"collection":[{"href":"https:\/\/frb-tax.de\/en\/wp-json\/wp\/v2\/pages"}],"about":[{"href":"https:\/\/frb-tax.de\/en\/wp-json\/wp\/v2\/types\/page"}],"author":[{"embeddable":true,"href":"https:\/\/frb-tax.de\/en\/wp-json\/wp\/v2\/users\/1"}],"replies":[{"embeddable":true,"href":"https:\/\/frb-tax.de\/en\/wp-json\/wp\/v2\/comments?post=175"}],"version-history":[{"count":10,"href":"https:\/\/frb-tax.de\/en\/wp-json\/wp\/v2\/pages\/175\/revisions"}],"predecessor-version":[{"id":467,"href":"https:\/\/frb-tax.de\/en\/wp-json\/wp\/v2\/pages\/175\/revisions\/467"}],"wp:attachment":[{"href":"https:\/\/frb-tax.de\/en\/wp-json\/wp\/v2\/media?parent=175"}],"curies":[{"name":"wp","href":"https:\/\/api.w.org\/{rel}","templated":true}]}}